{"id":10,"date":"2026-04-20T07:53:50","date_gmt":"2026-04-20T07:53:50","guid":{"rendered":"https:\/\/sharp-robinson.82-165-45-119.plesk.page\/?page_id=10"},"modified":"2026-04-20T09:03:32","modified_gmt":"2026-04-20T09:03:32","slug":"datenschutz","status":"publish","type":"page","link":"https:\/\/sharp-robinson.82-165-45-119.plesk.page\/index.php\/datenschutz\/","title":{"rendered":"Datenschutz"},"content":{"rendered":"\n<h2>Datenschutzerkl\u00e4rung<\/h2>\n\n<h3>1. Verantwortlicher<\/h3>\n<p>\n  Stefan Rodemann<br>\n  R\u00fcttenscheider Str. 154, 45131 Essen<br>\n  hallo@essen.next125.store\n<\/p>\n\n<h3>2. Hosting<\/h3>\n<p>Diese Website wird auf einem Webserver gehostet. Beim Aufruf der Seite werden Server-Logfiles (IP-Adresse, Datum, Uhrzeit, aufgerufene Seite) tempor\u00e4r gespeichert. Dies erfolgt auf Basis von Art. 6 Abs. 1 lit. f DSGVO.<\/p>\n\n<h3>3. Google Maps<\/h3>\n<p>Auf dieser Website wird Google Maps (Google LLC, 1600 Amphitheatre Parkway, Mountain View, CA 94043, USA) eingebunden. Google Maps wird erst nach Ihrer ausdr\u00fccklichen Zustimmung (2-Klick-L\u00f6sung) geladen. Erst dann werden Daten an Google \u00fcbertragen. Rechtsgrundlage: Art. 6 Abs. 1 lit. a DSGVO.<\/p>\n\n<h3>4. Ihre Rechte<\/h3>\n<p>Sie haben das Recht auf Auskunft, Berichtigung, L\u00f6schung, Einschr\u00e4nkung der Verarbeitung sowie Daten\u00fcbertragbarkeit. Wenden Sie sich hierzu an: hallo@essen.next125.store<\/p>\n\n<h3>5. Beschwerderecht<\/h3>\n<p>Sie haben das Recht, sich bei der zust\u00e4ndigen Datenschutzaufsichtsbeh\u00f6rde zu beschweren. In NRW: Landesbeauftragte f\u00fcr Datenschutz und Informationsfreiheit NRW, www.ldi.nrw.de<\/p>\n","protected":false},"excerpt":{"rendered":"<p>Datenschutzerkl\u00e4rung 1. Verantwortlicher Stefan Rodemann R\u00fcttenscheider Str. 154, 45131 Essen hallo@essen.next125.store 2. Hosting Diese Website wird auf einem Webserver gehostet. Beim Aufruf der Seite werden Server-Logfiles (IP-Adresse, Datum, Uhrzeit, aufgerufene Seite) tempor\u00e4r gespeichert. Dies erfolgt auf Basis von Art. 6 Abs. 1 lit. f DSGVO. 3. Google Maps Auf dieser Website wird Google Maps (Google [&hellip;]<\/p>\n","protected":false},"author":1,"featured_media":0,"parent":0,"menu_order":0,"comment_status":"closed","ping_status":"closed","template":"","meta":{"footnotes":""},"class_list":["post-10","page","type-page","status-publish","hentry"],"_links":{"self":[{"href":"https:\/\/sharp-robinson.82-165-45-119.plesk.page\/index.php\/wp-json\/wp\/v2\/pages\/10","targetHints":{"allow":["GET"]}}],"collection":[{"href":"https:\/\/sharp-robinson.82-165-45-119.plesk.page\/index.php\/wp-json\/wp\/v2\/pages"}],"about":[{"href":"https:\/\/sharp-robinson.82-165-45-119.plesk.page\/index.php\/wp-json\/wp\/v2\/types\/page"}],"author":[{"embeddable":true,"href":"https:\/\/sharp-robinson.82-165-45-119.plesk.page\/index.php\/wp-json\/wp\/v2\/users\/1"}],"replies":[{"embeddable":true,"href":"https:\/\/sharp-robinson.82-165-45-119.plesk.page\/index.php\/wp-json\/wp\/v2\/comments?post=10"}],"version-history":[{"count":2,"href":"https:\/\/sharp-robinson.82-165-45-119.plesk.page\/index.php\/wp-json\/wp\/v2\/pages\/10\/revisions"}],"predecessor-version":[{"id":15,"href":"https:\/\/sharp-robinson.82-165-45-119.plesk.page\/index.php\/wp-json\/wp\/v2\/pages\/10\/revisions\/15"}],"wp:attachment":[{"href":"https:\/\/sharp-robinson.82-165-45-119.plesk.page\/index.php\/wp-json\/wp\/v2\/media?parent=10"}],"curies":[{"name":"wp","href":"https:\/\/api.w.org\/{rel}","templated":true}]}}